{"id":116,"date":"2019-02-12T12:05:51","date_gmt":"2019-02-12T12:05:51","guid":{"rendered":"https:\/\/victorthemes.com\/themes\/exertion\/?page_id=116"},"modified":"2024-06-26T02:07:46","modified_gmt":"2024-06-26T05:07:46","slug":"home","status":"publish","type":"page","link":"https:\/\/cedro.cloud\/","title":{"rendered":"Home"},"content":{"rendered":"<div class=\"wpb-content-wrapper\"><p>[vc_row full_width=&#8221;stretch_row_content_no_spaces&#8221; overlay_dotted=&#8221;&#8221;][vc_column]<section class=\"swiper-container swiper-slides  xrton-slider-69e16030ae3e8 \" data-loop=\"true\" data-autoplay=\"true\"><div class=\"swiper-wrapper\"><div class=\"swiper-slide \" style=\"background-image: url(https:\/\/cedro.cloud\/wp-content\/uploads\/2024\/06\/jetcasa2.jpg);\">\r\n                    <div class=\"caption-wrap\">\r\n                      <div class=\"xrton-table-wrap\">\r\n                        <div class=\"xrton-align-wrap\">\r\n                          <div class=\"container\">\r\n                            <div class=\"caption-wrap-inner\"><h4 class=\"caption-subtitle animated\" data-animation=\"fadeInUp\">Unidade franqueada exclusiva em Mato Grosso<\/h4><h1 class=\"caption-title animated\" data-animation=\"fadeInUp\">Sistema JetCasa<\/h1><div class=\"xrton-btns-group animated\" data-animation=\"fadeInUp\"><a href=\"https:\/\/cedro.cloud\/jetcasa\/\" class=\"xrton-btn\"><span class=\"xrton-btn-text\">Saiba mais<\/span><\/a><\/div>\r\n                            <\/div>\r\n                          <\/div>\r\n                        <\/div>\r\n                      <\/div>\r\n                    <\/div>\r\n                  <\/div><\/div><div class=\"swiper-button-prev\"><\/div><div class=\"swiper-button-next\"><\/div><div class=\"swiper-pagination\"><\/div><\/section>[\/vc_column][\/vc_row][vc_row overlay_dotted=&#8221;&#8221;][vc_column]<div class=\"xrton-aboutus  xrton-aboutus-69e16030ae560\"><div class=\"container\"><div class=\"aboutus-wrap\"><div class=\"row align-items-center\"><div class=\"col-lg-6 order-lg-2\">\r\n                      <div class=\"about-image\">\r\n                        <img decoding=\"async\" src=\"https:\/\/cedro.cloud\/wp-content\/uploads\/2024\/06\/jetcasa.jpg\" alt=\"About Us\">\r\n                      <\/div>\r\n                    <\/div>\r\n                    <div class=\"col-lg-6 order-lg-1\">\r\n                      <div class=\"about-info\">\r\n                        <div class=\"section-title-wrap section-title-style-two\">\r\n                          <h2 class=\"section-title\">O que \u00e9 o sistema JETCasa?<\/h2>\r\n                        <\/div>\r\n                        <p>O sistema construtivo JETCasa, consiste na produ\u00e7\u00e3o de pain\u00e9is mistos pr\u00e9-fabricados com concreto armado e tijolo cer\u00e2mico, que j\u00e1 saem da linha de produ\u00e7\u00e3o rebocados, com as tubula\u00e7\u00f5es el\u00e9tricas e hidr\u00e1ulica j\u00e1 embutidos, al\u00e9m das esquadrias instaladas.\u00a0<\/p><div class=\"xrton-btns-group\"><a href=\"https:\/\/cedro.cloud\/jetcasa\/\" class=\"xrton-btn xrton-yellow-border-btn\" target=\"_blank\"><span class=\"xrton-btn-text\">Saiba mais<\/span><\/a><\/div>    \r\n                      <\/div>\r\n                    <\/div><\/div><\/div><\/div><\/div>[\/vc_column][\/vc_row][vc_row full_width=&#8221;stretch_row&#8221; overlay_dotted=&#8221;true&#8221; css=&#8221;.vc_custom_1719014013274{padding-top: 64px !important;padding-bottom: 16px !important;background-color: #0d1721 !important;}&#8221;][vc_column width=&#8221;1\/3&#8243; need_animation=&#8221;true&#8221; css=&#8221;.vc_custom_1719014131397{background-color: #ffffff !important;}&#8221; el_class=&#8221;card-imovel&#8221;][vc_single_image image=&#8221;648&#8243; img_size=&#8221;400&#8243; css=&#8221;&#8221;]<div class=\"section-title-wrap  xrton-stitle-69e16030ae69e-casa-8041m%c2%b2 caption-center no-need-bg need-white-bg section-title-style-two   full-width\"><h2 class=\"section-title\">Casa 80,41m\u00b2<\/h2><p>Casa com 3 quartos sendo 1 su\u00edte.<br \/>\nR$1.233,64 o metro quadrado.<\/p><\/div>[vc_btn title=&#8221;Saiba mais&#8221; color=&#8221;success&#8221; align=&#8221;center&#8221; css=&#8221;.vc_custom_1718806502963{margin-top: 0px !important;padding-top: 0px !important;}&#8221; link=&#8221;url:https%3A%2F%2Fwa.me%2F&#8221;][\/vc_column][vc_column width=&#8221;1\/3&#8243; need_animation=&#8221;true&#8221; css=&#8221;.vc_custom_1719014135674{background-color: #ffffff !important;}&#8221; el_class=&#8221;card-imovel&#8221;][vc_single_image image=&#8221;651&#8243; img_size=&#8221;400&#8243; css=&#8221;&#8221;]<div class=\"section-title-wrap  xrton-stitle-69e16030ae73f-casa-905m%c2%b2 caption-center no-need-bg need-white-bg section-title-style-two   full-width\"><h2 class=\"section-title\">Casa 90,5m\u00b2<\/h2><p>Casa com 3 quartos sendo 1 su\u00edte.<br \/>\nR$1.233,64 o metro quadrado.<\/p><\/div>[vc_btn title=&#8221;Saiba mais&#8221; color=&#8221;success&#8221; align=&#8221;center&#8221; css=&#8221;.vc_custom_1718806502963{margin-top: 0px !important;padding-top: 0px !important;}&#8221; link=&#8221;url:https%3A%2F%2Fwa.me%2F&#8221;][\/vc_column][vc_column width=&#8221;1\/3&#8243; need_animation=&#8221;true&#8221; css=&#8221;.vc_custom_1719014139628{background-color: #ffffff !important;}&#8221; el_class=&#8221;card-imovel&#8221;][vc_single_image image=&#8221;653&#8243; img_size=&#8221;400&#8243; css=&#8221;&#8221;]<div class=\"section-title-wrap  xrton-stitle-69e16030ae75e-casa-6946m%c2%b2 caption-center no-need-bg need-white-bg section-title-style-two   full-width\"><h2 class=\"section-title\">Casa 69,46m\u00b2<\/h2><p>Casa com 2 quartos.<br \/>\nR$1.186,93 o metro quadrado.<\/p><\/div>[vc_btn title=&#8221;Saiba mais&#8221; color=&#8221;success&#8221; align=&#8221;center&#8221; css=&#8221;.vc_custom_1718806502963{margin-top: 0px !important;padding-top: 0px !important;}&#8221; link=&#8221;url:https%3A%2F%2Fwa.me%2F&#8221;][\/vc_column][\/vc_row][vc_row full_width=&#8221;stretch_row&#8221; overlay_dotted=&#8221;true&#8221; css=&#8221;.vc_custom_1719013980409{padding-bottom: 16px !important;background-color: #0d1721 !important;}&#8221;][vc_column width=&#8221;1\/3&#8243; need_animation=&#8221;true&#8221; css=&#8221;.vc_custom_1719014143276{background-color: #ffffff !important;}&#8221; el_class=&#8221;card-imovel&#8221;][vc_single_image image=&#8221;654&#8243; img_size=&#8221;400&#8243; css=&#8221;&#8221;]<div class=\"section-title-wrap  xrton-stitle-69e16030ae77a-casa-6408m%c2%b2 caption-center no-need-bg need-white-bg section-title-style-two   full-width\"><h2 class=\"section-title\">Casa 64,08m\u00b2<\/h2><p>Casa com 2 quartos.<br \/>\nR$1.323,12 o metro quadrado.<\/p><\/div>[vc_btn title=&#8221;Saiba mais&#8221; color=&#8221;success&#8221; align=&#8221;center&#8221; css=&#8221;.vc_custom_1718806502963{margin-top: 0px !important;padding-top: 0px !important;}&#8221; link=&#8221;url:https%3A%2F%2Fwa.me%2F&#8221;][\/vc_column][vc_column width=&#8221;1\/3&#8243; need_animation=&#8221;true&#8221; css=&#8221;.vc_custom_1719014146530{background-color: #ffffff !important;}&#8221; el_class=&#8221;card-imovel&#8221;][vc_single_image image=&#8221;648&#8243; img_size=&#8221;400&#8243; css=&#8221;&#8221;]<div class=\"section-title-wrap  xrton-stitle-69e16030ae792-casa-5073m%c2%b2 caption-center no-need-bg need-white-bg section-title-style-two   full-width\"><h2 class=\"section-title\">Casa 50,73m\u00b2<\/h2><p>Casa com 2 quartos.<br \/>\nR$1.323,11 o metro quadrado.<\/p><\/div>[vc_btn title=&#8221;Saiba mais&#8221; color=&#8221;success&#8221; align=&#8221;center&#8221; css=&#8221;.vc_custom_1718806502963{margin-top: 0px !important;padding-top: 0px !important;}&#8221; link=&#8221;url:https%3A%2F%2Fwa.me%2F&#8221;][\/vc_column][vc_column width=&#8221;1\/3&#8243; need_animation=&#8221;true&#8221; css=&#8221;.vc_custom_1719014149978{background-color: #ffffff !important;}&#8221; el_class=&#8221;card-imovel&#8221;][vc_single_image image=&#8221;651&#8243; img_size=&#8221;400&#8243; css=&#8221;&#8221;]<div class=\"section-title-wrap  xrton-stitle-69e16030ae7a9-casa-6275m%c2%b2 caption-center no-need-bg need-white-bg section-title-style-two   full-width\"><h2 class=\"section-title\">Casa 62,75m\u00b2<\/h2><p>Casa com 2 quartos sendo 1 su\u00edte.<br \/>\nR$1.099,36 o metro quadrado.<\/p><\/div>[vc_btn title=&#8221;Saiba mais&#8221; color=&#8221;success&#8221; align=&#8221;center&#8221; css=&#8221;.vc_custom_1718806502963{margin-top: 0px !important;padding-top: 0px !important;}&#8221; link=&#8221;url:https%3A%2F%2Fwa.me%2F&#8221;][\/vc_column][\/vc_row][vc_row full_width=&#8221;stretch_row&#8221; overlay_dotted=&#8221;true&#8221; css=&#8221;.vc_custom_1719013848170{padding-bottom: 64px !important;background-color: #0d1721 !important;}&#8221;][vc_column width=&#8221;1\/3&#8243; need_animation=&#8221;true&#8221; css=&#8221;.vc_custom_1719014155091{background-color: #ffffff !important;}&#8221; el_class=&#8221;card-imovel&#8221;][vc_single_image image=&#8221;653&#8243; img_size=&#8221;400&#8243; css=&#8221;&#8221;]<div class=\"section-title-wrap  xrton-stitle-69e16030ae7be-casa-7566m%c2%b2 caption-center no-need-bg need-white-bg section-title-style-two   full-width\"><h2 class=\"section-title\">Casa 75,66m\u00b2<\/h2><p>Casa com 2 quartos, sendo 1 su\u00edte com churrasqueira.<br \/>\nR$1.008,06 o metro quadrado.<\/p><\/div>[vc_btn title=&#8221;Saiba mais&#8221; color=&#8221;success&#8221; align=&#8221;center&#8221; css=&#8221;.vc_custom_1718806502963{margin-top: 0px !important;padding-top: 0px !important;}&#8221; link=&#8221;url:https%3A%2F%2Fwa.me%2F&#8221;][\/vc_column][\/vc_row][vc_row overlay_dotted=&#8221;&#8221;][vc_column]\r\n    <section class=\"xrton-projects projects-style-three xrton-portfolio-69e16030ae7e6 custom\">\r\n      <div class=\"  container\">\r\n\r\n                  <div class=\"section-title-wrap\">\r\n            <h2 class=\"section-title\">Nossos projetos<\/h2>\r\n          <\/div>\r\n        \r\n        <div class=\"projects-wrap \">\r\n\r\n                      <div class=\"masonry-filters\">\r\n              <ul>\r\n                <li><a href=\"javascript:void(0);\" class=\"active\" data-filter=\"*\">All Works<\/a><\/li>\r\n                <li><a href=\"javascript:void(0);\" class=\"filter cat-jetcasa\" data-filter=\".jetcasa-item\" >JETCasa<\/a><\/li>              <\/ul>\r\n            <\/div>\r\n          <div class=\"xrton-masonry\" data-space=\"30\">\r\n                <div class=\"masonry-item one-half jetcasa-item \" data-category=\"jetcasa-item \">\r\n                  <div class=\"project-item\">\r\n                    <div class=\"xrton-image\">\r\n                      <img decoding=\"async\" src=\"https:\/\/cedro.cloud\/wp-content\/uploads\/2024\/06\/Residencial-rubi-VG.jpg\" alt=\"Residencial Rubi &#8211; VG\">                    <\/div>\r\n                    <div class=\"project-info\">\r\n                      <div class=\"xrton-table-wrap\">\r\n                        <div class=\"xrton-align-wrap\">\r\n                                                    <h4 class=\"project-title\"><a href=\"https:\/\/cedro.cloud\/?portfolio=residencial-rubi-vg\" style=\"\">Residencial Rubi &#8211; VG<\/a><\/h4>\r\n                          <p>\r\n                            <a href=\"https:\/\/cedro.cloud\/?portfolio_category=jetcasa\" style=\"\">JETCasa<\/a>                           <\/p>\r\n                                                  <\/div>\r\n                      <\/div>\r\n                    <\/div>\r\n                  <\/div>\r\n                <\/div>\r\n              \r\n                <div class=\"masonry-item one-half jetcasa-item \" data-category=\"jetcasa-item \">\r\n                  <div class=\"project-item\">\r\n                    <div class=\"xrton-image\">\r\n                      <img decoding=\"async\" src=\"https:\/\/cedro.cloud\/wp-content\/uploads\/2024\/06\/Motel-Eros-Cuiaba.jpg\" alt=\"Motel Eros Cuiab\u00e1\">                    <\/div>\r\n                    <div class=\"project-info\">\r\n                      <div class=\"xrton-table-wrap\">\r\n                        <div class=\"xrton-align-wrap\">\r\n                                                    <h4 class=\"project-title\"><a href=\"https:\/\/cedro.cloud\/?portfolio=motel-eros-cuiaba\" style=\"\">Motel Eros Cuiab\u00e1<\/a><\/h4>\r\n                          <p>\r\n                            <a href=\"https:\/\/cedro.cloud\/?portfolio_category=jetcasa\" style=\"\">JETCasa<\/a>                           <\/p>\r\n                                                  <\/div>\r\n                      <\/div>\r\n                    <\/div>\r\n                  <\/div>\r\n                <\/div>\r\n              \r\n                <div class=\"masonry-item one-half jetcasa-item \" data-category=\"jetcasa-item \">\r\n                  <div class=\"project-item\">\r\n                    <div class=\"xrton-image\">\r\n                      <img decoding=\"async\" src=\"https:\/\/cedro.cloud\/wp-content\/uploads\/2024\/06\/Residencial-Village-do-Bosque-Cuiaba.jpg\" alt=\"Residencial Village do Bosque &#8211; Cuiab\u00e1\">                    <\/div>\r\n                    <div class=\"project-info\">\r\n                      <div class=\"xrton-table-wrap\">\r\n                        <div class=\"xrton-align-wrap\">\r\n                                                    <h4 class=\"project-title\"><a href=\"https:\/\/cedro.cloud\/?portfolio=residencial-village-do-bosque-cuiaba\" style=\"\">Residencial Village do Bosque &#8211; Cuiab\u00e1<\/a><\/h4>\r\n                          <p>\r\n                            <a href=\"https:\/\/cedro.cloud\/?portfolio_category=jetcasa\" style=\"\">JETCasa<\/a>                           <\/p>\r\n                                                  <\/div>\r\n                      <\/div>\r\n                    <\/div>\r\n                  <\/div>\r\n                <\/div>\r\n              \r\n                <div class=\"masonry-item one-half jetcasa-item \" data-category=\"jetcasa-item \">\r\n                  <div class=\"project-item\">\r\n                    <div class=\"xrton-image\">\r\n                      <img decoding=\"async\" src=\"https:\/\/cedro.cloud\/wp-content\/uploads\/2024\/06\/Hospital-santa-rosa.jpg\" alt=\"Hospital Santa Rosa\">                    <\/div>\r\n                    <div class=\"project-info\">\r\n                      <div class=\"xrton-table-wrap\">\r\n                        <div class=\"xrton-align-wrap\">\r\n                                                    <h4 class=\"project-title\"><a href=\"https:\/\/cedro.cloud\/?portfolio=hospital-santa-rosa\" style=\"\">Hospital Santa Rosa<\/a><\/h4>\r\n                          <p>\r\n                            <a href=\"https:\/\/cedro.cloud\/?portfolio_category=jetcasa\" style=\"\">JETCasa<\/a>                           <\/p>\r\n                                                  <\/div>\r\n                      <\/div>\r\n                    <\/div>\r\n                  <\/div>\r\n                <\/div>\r\n              <\/div>            <div class=\"xrton-pagination\">\r\n              <ul class='page-numbers'>\n\t<li><span aria-current=\"page\" class=\"page-numbers current\">1<\/span><\/li>\n\t<li><a class=\"page-numbers\" href=\"https:\/\/cedro.cloud\/index.php?rest_route=%2Fwp%2Fv2%2Fpages%2F116&#038;paged=2\">2<\/a><\/li>\n\t<li><a class=\"next page-numbers\" href=\"https:\/\/cedro.cloud\/index.php?rest_route=%2Fwp%2Fv2%2Fpages%2F116&#038;paged=2\"><\/a><\/li>\n<\/ul>\n            <\/div>\r\n          \r\n        <\/div>\r\n\r\n      <\/div>\r\n    <\/section>\r\n\r\n    [\/vc_column][\/vc_row][vc_row full_width=&#8221;stretch_row_content_no_spaces&#8221; parallax=&#8221;content-moving&#8221; parallax_image=&#8221;868&#8243; parallax_speed_bg=&#8221;1.0&#8243; overlay_dotted=&#8221;true&#8221; overlay_color=&#8221;rgba(13,23,33,0.9)&#8221; css=&#8221;.vc_custom_1551246572248{background-image: url(https:\/\/victorthemes.com\/themes\/exertion\/wp-content\/uploads\/2019\/01\/quote-bg.png?id=128) !important;}&#8221;][vc_column]\r\n    <section class=\"xrton-quote  xrton-quote-69e16030afd40 \">\r\n      <div class=\"container\">\r\n        <h2 class=\"quote-title\">\u201cConstruindo sonhos em poucos passos.\u201d<\/h2>\r\n        <p>Grupo Cedro<\/p>\r\n      <\/div>\r\n    <\/section>\r\n\r\n    [\/vc_column][\/vc_row]<\/p>\n<\/div>","protected":false},"excerpt":{"rendered":"[vc_row full_width=&#8221;stretch_row_content_no_spaces&#8221; overlay_dotted=&#8221;&#8221;][vc_column][\/vc_column][\/vc_row][vc_row overlay_dotted=&#8221;&#8221;][vc_column][\/vc_column][\/vc_row][vc_row full_width=&#8221;stretch_row&#8221; overlay_dotted=&#8221;true&#8221; css=&#8221;.vc_custom_1719014013274{padding-top: 64px !important;padding-bottom: 16px !important;background-color: #0d1721 !important;}&#8221;][vc_column width=&#8221;1\/3&#8243; need_animation=&#8221;true&#8221; css=&#8221;.vc_custom_1719014131397{background-color: #ffffff !important;}&#8221; el_class=&#8221;card-imovel&#8221;][vc_single_image image=&#8221;648&#8243; img_size=&#8221;400&#8243; css=&#8221;&#8221;][vc_btn title=&#8221;Saiba mais&#8221; color=&#8221;success&#8221; align=&#8221;center&#8221; css=&#8221;.vc_custom_1718806502963{margin-top: 0px !important;padding-top: 0px !important;}&#8221; link=&#8221;url:https%3A%2F%2Fwa.me%2F&#8221;][\/vc_column][vc_column width=&#8221;1\/3&#8243; need_animation=&#8221;true&#8221; css=&#8221;.vc_custom_1719014135674{background-color: #ffffff !important;}&#8221; el_class=&#8221;card-imovel&#8221;][vc_single_image image=&#8221;651&#8243; img_size=&#8221;400&#8243; css=&#8221;&#8221;][vc_btn title=&#8221;Saiba mais&#8221; color=&#8221;success&#8221; align=&#8221;center&#8221; css=&#8221;.vc_custom_1718806502963{margin-top: 0px !important;padding-top: 0px !important;}&#8221; link=&#8221;url:https%3A%2F%2Fwa.me%2F&#8221;][\/vc_column][vc_column width=&#8221;1\/3&#8243; need_animation=&#8221;true&#8221; css=&#8221;.vc_custom_1719014139628{background-color: #ffffff [&#8230;]","protected":false},"author":1,"featured_media":0,"parent":0,"menu_order":0,"comment_status":"closed","ping_status":"closed","template":"","meta":{"footnotes":""},"class_list":["post-116","page","type-page","status-publish","hentry"],"_links":{"self":[{"href":"https:\/\/cedro.cloud\/index.php?rest_route=\/wp\/v2\/pages\/116","targetHints":{"allow":["GET"]}}],"collection":[{"href":"https:\/\/cedro.cloud\/index.php?rest_route=\/wp\/v2\/pages"}],"about":[{"href":"https:\/\/cedro.cloud\/index.php?rest_route=\/wp\/v2\/types\/page"}],"author":[{"embeddable":true,"href":"https:\/\/cedro.cloud\/index.php?rest_route=\/wp\/v2\/users\/1"}],"replies":[{"embeddable":true,"href":"https:\/\/cedro.cloud\/index.php?rest_route=%2Fwp%2Fv2%2Fcomments&post=116"}],"version-history":[{"count":35,"href":"https:\/\/cedro.cloud\/index.php?rest_route=\/wp\/v2\/pages\/116\/revisions"}],"predecessor-version":[{"id":716,"href":"https:\/\/cedro.cloud\/index.php?rest_route=\/wp\/v2\/pages\/116\/revisions\/716"}],"wp:attachment":[{"href":"https:\/\/cedro.cloud\/index.php?rest_route=%2Fwp%2Fv2%2Fmedia&parent=116"}],"curies":[{"name":"wp","href":"https:\/\/api.w.org\/{rel}","templated":true}]}}