{"id":608,"date":"2024-06-03T04:28:56","date_gmt":"2024-06-03T07:28:56","guid":{"rendered":"https:\/\/webcube.com.br\/projetos\/grupo-cedro\/?page_id=608"},"modified":"2024-06-03T04:29:10","modified_gmt":"2024-06-03T07:29:10","slug":"projeto-arquitetonico","status":"publish","type":"page","link":"https:\/\/cedro.cloud\/?page_id=608","title":{"rendered":"Projeto Arquitet\u00f4nico"},"content":{"rendered":"<div class=\"wpb-content-wrapper\"><p>[vc_row overlay_dotted=&#8221;&#8221; css=&#8221;.vc_custom_1548997454479{padding-bottom: 2% !important;}&#8221;][vc_column]<div class=\"xrton-process process-style-two  xrton-process-69fd018e46d3e \">\r\n    \t\t\t\t\t\t\t\t<div class=\"container\">\r\n\t\t\t\t\t\t\t\t\t\t\t<div class=\"process-wrap  remove-shadow \"  style=\"background-image: url();\">\r\n\t\t\t\t\t\t\t\t\t\t\t\t<div class=\"row\">\r\n\t\t\t\t\t\t\t\t\t\t\t\t\t<div class=\"col-lg-7\">\r\n\t\t\t\t\t\t\t\t\t\t\t\t\t\t<div class=\"process-wrap-info\">\r\n\t\t\t\t\t\t\t\t\t\t\t\t\t\t\t<div class=\"section-title-wrap section-title-style-two\"><h2 class=\"section-title\">Projeto Arquitet\u00f4nico<\/h2><\/div><p>As etapas de execu\u00e7\u00e3o de uma obra at\u00e9 a t\u00e3o esperada entrega de chaves:<br \/>    \u2022 Projeto Arquitet\u00f4nico aprovado pelos \u00f3rg\u00e3os federais, estaduais e municipais, alvar\u00e1 de execu\u00e7\u00e3o emitido pela prefeitura municipal .<br \/>    \u2022 Projetos complementares, tais como projetos:  Estrutural, Instala\u00e7\u00f5es el\u00e9trica e hidrossanit\u00e1rio, preven\u00e7\u00e3o e combate a inc\u00eandio, Res\u00edduos s\u00f3lidos, Gerenciamento de res\u00edduos s\u00f3lidos. <br \/>    \u2022 Elabora\u00e7\u00e3o do or\u00e7amento cronograma f\u00edsico financeiro. <br \/>    \u2022 Planejamento das etapas da execu\u00e7\u00e3o da obra. <br \/>    \u2022 Servi\u00e7os preliminares e implanta\u00e7\u00e3o.  <br \/>    \u2022 Infraestrutura, estruturas, alvenaria e telhado. <br \/>    \u2022 Instala\u00e7\u00f5es el\u00e9trica e hidrosnaitaria.<br \/>    \u2022 Revestimentos.<br \/>    \u2022 Esquadrias e vidros.  <br \/>    \u2022 Pintura<br \/>    \u2022 Limpeza<br \/>    \u2022 Habite-se.<\/p>\n<p><strong>OBS: O que e Res\u00edduos s\u00f3lidos:<\/strong><br \/>O lixo \u00e9 tudo aquilo que n\u00e3o se quer mais e joga-se fora. J\u00e1 o res\u00edduo \u00e9 aquilo que n\u00e3o serve para voc\u00ea, mas para outros pode se tornar mat\u00e9ria-prima de um novo produto ou processo. O rejeito \u00e9 um tipo espec\u00edfico de res\u00edduo \u2014 quando foram esgotadas todas as possibilidades de reaproveitamento ou reciclagem.<br \/>Eles podem ser classificados em: <br \/>Org\u00e2nicos: Restos de alimentos, folhas, galhos e esterco. <br \/>Recicl\u00e1veis: Papel, pl\u00e1stico, metal e vidro. <br \/>Rejeitos: Materiais que n\u00e3o podem ser reciclados ou reutilizados.<\/p>\r\n\t\t\t\t\t\t\t\t\t\t\t\t\t\t<\/div>\r\n\t\t\t\t\t\t\t\t\t\t\t\t\t<\/div>\r\n\t\t\t\t\t\t\t\t\t\t\t\t\t<div class=\"col-lg-5\"><div class=\"process-item\">\r\n\t                \t\t<div class=\"xrton-icon\">\r\n                          <div class=\"xrton-table-wrap\">\r\n                            <div class=\"xrton-align-wrap\">\r\n                              <img decoding=\"async\" src=\"https:\/\/cedro.cloud\/wp-content\/uploads\/2019\/01\/service-image-retina-1.png\" alt=\"\">\r\n                            <\/div>\r\n                          <\/div>\r\n                        <\/div>\r\n\t                    <div class=\"process-info\">\r\n\t\t\t                <h4 class=\"process-title\">Defini\u00e7\u00e3o do programa de necessidades (reuni\u00e3o com o cliente) Essa \u00e9 uma fase anterior \u00e0 cria\u00e7\u00e3o do\u00a0projeto\u00a0para a obra.<\/h4>\r\n\t\t\t                <\/div>\r\n\t\t\t              <\/div><div class=\"process-item\">\r\n\t                \t\t<div class=\"xrton-icon\">\r\n                          <div class=\"xrton-table-wrap\">\r\n                            <div class=\"xrton-align-wrap\">\r\n                              <img decoding=\"async\" src=\"https:\/\/cedro.cloud\/wp-content\/uploads\/2019\/01\/service-image-retina-1.png\" alt=\"\">\r\n                            <\/div>\r\n                          <\/div>\r\n                        <\/div>\r\n\t                    <div class=\"process-info\">\r\n\t\t\t                <h4 class=\"process-title\">Visita ao local<\/h4>\r\n\t\t\t                <\/div>\r\n\t\t\t              <\/div><div class=\"process-item\">\r\n\t                \t\t<div class=\"xrton-icon\">\r\n                          <div class=\"xrton-table-wrap\">\r\n                            <div class=\"xrton-align-wrap\">\r\n                              <img decoding=\"async\" src=\"https:\/\/cedro.cloud\/wp-content\/uploads\/2019\/01\/service-image-retina-1.png\" alt=\"\">\r\n                            <\/div>\r\n                          <\/div>\r\n                        <\/div>\r\n\t                    <div class=\"process-info\">\r\n\t\t\t                <h4 class=\"process-title\">Estudo preliminar<\/h4>\r\n\t\t\t                <\/div>\r\n\t\t\t              <\/div><div class=\"process-item\">\r\n\t                \t\t<div class=\"xrton-icon\">\r\n                          <div class=\"xrton-table-wrap\">\r\n                            <div class=\"xrton-align-wrap\">\r\n                              <img decoding=\"async\" src=\"https:\/\/cedro.cloud\/wp-content\/uploads\/2019\/01\/service-image-retina-1.png\" alt=\"\">\r\n                            <\/div>\r\n                          <\/div>\r\n                        <\/div>\r\n\t                    <div class=\"process-info\">\r\n\t\t\t                <h4 class=\"process-title\">Anteprojeto<\/h4>\r\n\t\t\t                <\/div>\r\n\t\t\t              <\/div><div class=\"process-item\">\r\n\t                \t\t<div class=\"xrton-icon\">\r\n                          <div class=\"xrton-table-wrap\">\r\n                            <div class=\"xrton-align-wrap\">\r\n                              <img decoding=\"async\" src=\"https:\/\/cedro.cloud\/wp-content\/uploads\/2019\/01\/service-image-retina-1.png\" alt=\"\">\r\n                            <\/div>\r\n                          <\/div>\r\n                        <\/div>\r\n\t                    <div class=\"process-info\">\r\n\t\t\t                <h4 class=\"process-title\">Projeto\u00a0legal\/Projeto\u00a0de aprova\u00e7\u00e3o<\/h4>\r\n\t\t\t                <\/div>\r\n\t\t\t              <\/div><div class=\"process-item\">\r\n\t                \t\t<div class=\"xrton-icon\">\r\n                          <div class=\"xrton-table-wrap\">\r\n                            <div class=\"xrton-align-wrap\">\r\n                              <img decoding=\"async\" src=\"https:\/\/cedro.cloud\/wp-content\/uploads\/2019\/01\/service-image-retina-1.png\" alt=\"\">\r\n                            <\/div>\r\n                          <\/div>\r\n                        <\/div>\r\n\t                    <div class=\"process-info\">\r\n\t\t\t                <h4 class=\"process-title\">Projeto\u00a0executivo<\/h4>\r\n\t\t\t                <\/div>\r\n\t\t\t              <\/div><div class=\"process-item\">\r\n\t                \t\t<div class=\"xrton-icon\">\r\n                          <div class=\"xrton-table-wrap\">\r\n                            <div class=\"xrton-align-wrap\">\r\n                              <img decoding=\"async\" src=\"https:\/\/cedro.cloud\/wp-content\/uploads\/2019\/01\/service-image-retina-1.png\" alt=\"\">\r\n                            <\/div>\r\n                          <\/div>\r\n                        <\/div>\r\n\t                    <div class=\"process-info\">\r\n\t\t\t                <h4 class=\"process-title\">Acompanhamento da obra<\/h4>\r\n\t\t\t                <\/div>\r\n\t\t\t              <\/div><\/div><\/div><\/div><\/div><\/div>[\/vc_column][\/vc_row]<\/p>\n<\/div>","protected":false},"excerpt":{"rendered":"[vc_row overlay_dotted=&#8221;&#8221; css=&#8221;.vc_custom_1548997454479{padding-bottom: 2% !important;}&#8221;][vc_column][\/vc_column][\/vc_row]","protected":false},"author":1,"featured_media":0,"parent":0,"menu_order":0,"comment_status":"closed","ping_status":"closed","template":"","meta":{"footnotes":""},"class_list":["post-608","page","type-page","status-publish","hentry"],"_links":{"self":[{"href":"https:\/\/cedro.cloud\/index.php?rest_route=\/wp\/v2\/pages\/608","targetHints":{"allow":["GET"]}}],"collection":[{"href":"https:\/\/cedro.cloud\/index.php?rest_route=\/wp\/v2\/pages"}],"about":[{"href":"https:\/\/cedro.cloud\/index.php?rest_route=\/wp\/v2\/types\/page"}],"author":[{"embeddable":true,"href":"https:\/\/cedro.cloud\/index.php?rest_route=\/wp\/v2\/users\/1"}],"replies":[{"embeddable":true,"href":"https:\/\/cedro.cloud\/index.php?rest_route=%2Fwp%2Fv2%2Fcomments&post=608"}],"version-history":[{"count":3,"href":"https:\/\/cedro.cloud\/index.php?rest_route=\/wp\/v2\/pages\/608\/revisions"}],"predecessor-version":[{"id":611,"href":"https:\/\/cedro.cloud\/index.php?rest_route=\/wp\/v2\/pages\/608\/revisions\/611"}],"wp:attachment":[{"href":"https:\/\/cedro.cloud\/index.php?rest_route=%2Fwp%2Fv2%2Fmedia&parent=608"}],"curies":[{"name":"wp","href":"https:\/\/api.w.org\/{rel}","templated":true}]}}