{"id":97,"date":"2019-02-12T11:48:09","date_gmt":"2019-02-12T11:48:09","guid":{"rendered":"https:\/\/victorthemes.com\/themes\/exertion\/?page_id=97"},"modified":"2024-06-03T03:16:58","modified_gmt":"2024-06-03T06:16:58","slug":"terraplanagem","status":"publish","type":"page","link":"https:\/\/cedro.cloud\/?page_id=97","title":{"rendered":"Terraplanagem"},"content":{"rendered":"<div class=\"wpb-content-wrapper\"><p>[vc_row overlay_dotted=&#8221;&#8221; css=&#8221;.vc_custom_1548997454479{padding-bottom: 2% !important;}&#8221;][vc_column]<div class=\"xrton-process process-style-two  xrton-process-69fd146458e89 \">\r\n    \t\t\t\t\t\t\t\t<div class=\"container\">\r\n\t\t\t\t\t\t\t\t\t\t\t<div class=\"process-wrap  remove-shadow \"  style=\"background-image: url();\">\r\n\t\t\t\t\t\t\t\t\t\t\t\t<div class=\"row\">\r\n\t\t\t\t\t\t\t\t\t\t\t\t\t<div class=\"col-lg-7\">\r\n\t\t\t\t\t\t\t\t\t\t\t\t\t\t<div class=\"process-wrap-info\">\r\n\t\t\t\t\t\t\t\t\t\t\t\t\t\t\t<div class=\"section-title-wrap section-title-style-two\"><h2 class=\"section-title\">O que \u00e9 terraplanagem?<\/h2><\/div><p>Antes de realizar a constru\u00e7\u00e3o de um pr\u00e9dio, uma estrada, aeroporto ou qualquer outra  edifica\u00e7\u00e3o \u00e9 necess\u00e1rio realizar  o trabalho de terraplenagem no solo, ou seja, preparo e corre\u00e7\u00e3o do solo. A divis\u00e3o da terra de forma uniforme por todo o terreno onde a obra ser\u00e1 executada. Mas como \u00e9 realizado esse processo?<\/p>\n<p>As etapas de um  projeto de terraplenagem:<br \/>    \u2022 Levantamento planialtim\u00e9trico.<br \/>    \u2022 Sondagem em pontos predeterminados onde ser\u00e1 executada a edifica\u00e7\u00e3o.  <br \/>    \u2022 Planta Baixa da \u00e1rea de terraplanagem; <br \/>    \u2022 Se\u00e7\u00f5es Transversais com a cota do terreno natural e a cota final projetada, taludes, inclina\u00e7\u00f5es; <br \/>    \u2022 Indica\u00e7\u00e3o do volume movimentado.<\/p>\n<p>As etapas de uma obra de terraplenagem possui v\u00e1rias etapas na sua execu\u00e7\u00e3o confira as principais ao lado!<\/p>\r\n\t\t\t\t\t\t\t\t\t\t\t\t\t\t<\/div>\r\n\t\t\t\t\t\t\t\t\t\t\t\t\t<\/div>\r\n\t\t\t\t\t\t\t\t\t\t\t\t\t<div class=\"col-lg-5\"><div class=\"process-item\">\r\n\t                \t\t<div class=\"xrton-icon\">\r\n                          <div class=\"xrton-table-wrap\">\r\n                            <div class=\"xrton-align-wrap\">\r\n                              <img decoding=\"async\" src=\"https:\/\/cedro.cloud\/wp-content\/uploads\/2019\/01\/service-image-retina-1.png\" alt=\"\">\r\n                            <\/div>\r\n                          <\/div>\r\n                        <\/div>\r\n\t                    <div class=\"process-info\">\r\n\t\t\t                <h4 class=\"process-title\">Escava\u00e7\u00e3o<\/h4>\r\n\t\t\t                <\/div>\r\n\t\t\t              <\/div><div class=\"process-item\">\r\n\t                \t\t<div class=\"xrton-icon\">\r\n                          <div class=\"xrton-table-wrap\">\r\n                            <div class=\"xrton-align-wrap\">\r\n                              <img decoding=\"async\" src=\"https:\/\/cedro.cloud\/wp-content\/uploads\/2019\/01\/service-image-retina-1.png\" alt=\"\">\r\n                            <\/div>\r\n                          <\/div>\r\n                        <\/div>\r\n\t                    <div class=\"process-info\">\r\n\t\t\t                <h4 class=\"process-title\">Carga e descarga  do material escavado<\/h4>\r\n\t\t\t                <\/div>\r\n\t\t\t              <\/div><div class=\"process-item\">\r\n\t                \t\t<div class=\"xrton-icon\">\r\n                          <div class=\"xrton-table-wrap\">\r\n                            <div class=\"xrton-align-wrap\">\r\n                              <img decoding=\"async\" src=\"https:\/\/cedro.cloud\/wp-content\/uploads\/2019\/01\/service-image-retina-1.png\" alt=\"\">\r\n                            <\/div>\r\n                          <\/div>\r\n                        <\/div>\r\n\t                    <div class=\"process-info\">\r\n\t\t\t                <h4 class=\"process-title\">Espalhamento do material<\/h4>\r\n\t\t\t                <\/div>\r\n\t\t\t              <\/div><div class=\"process-item\">\r\n\t                \t\t<div class=\"xrton-icon\">\r\n                          <div class=\"xrton-table-wrap\">\r\n                            <div class=\"xrton-align-wrap\">\r\n                              <img decoding=\"async\" src=\"https:\/\/cedro.cloud\/wp-content\/uploads\/2019\/01\/service-image-retina-1.png\" alt=\"\">\r\n                            <\/div>\r\n                          <\/div>\r\n                        <\/div>\r\n\t                    <div class=\"process-info\">\r\n\t\t\t                <h4 class=\"process-title\">Descarte do material excedente<\/h4>\r\n\t\t\t                <\/div>\r\n\t\t\t              <\/div><div class=\"process-item\">\r\n\t                \t\t<div class=\"xrton-icon\">\r\n                          <div class=\"xrton-table-wrap\">\r\n                            <div class=\"xrton-align-wrap\">\r\n                              <img decoding=\"async\" src=\"https:\/\/cedro.cloud\/wp-content\/uploads\/2019\/01\/service-image-retina-1.png\" alt=\"\">\r\n                            <\/div>\r\n                          <\/div>\r\n                        <\/div>\r\n\t                    <div class=\"process-info\">\r\n\t\t\t                <h4 class=\"process-title\">Compacta\u00e7\u00e3o do Solo<\/h4>\r\n\t\t\t                <\/div>\r\n\t\t\t              <\/div><div class=\"process-item\">\r\n\t                \t\t<div class=\"xrton-icon\">\r\n                          <div class=\"xrton-table-wrap\">\r\n                            <div class=\"xrton-align-wrap\">\r\n                              <img decoding=\"async\" src=\"https:\/\/cedro.cloud\/wp-content\/uploads\/2019\/01\/service-image-retina-1.png\" alt=\"\">\r\n                            <\/div>\r\n                          <\/div>\r\n                        <\/div>\r\n\t                    <div class=\"process-info\">\r\n\t\t\t                <h4 class=\"process-title\">Drenagem<\/h4>\r\n\t\t\t                <\/div>\r\n\t\t\t              <\/div><\/div><\/div><\/div><\/div><\/div>[\/vc_column][\/vc_row]<\/p>\n<\/div>","protected":false},"excerpt":{"rendered":"[vc_row overlay_dotted=&#8221;&#8221; css=&#8221;.vc_custom_1548997454479{padding-bottom: 2% !important;}&#8221;][vc_column][\/vc_column][\/vc_row]","protected":false},"author":1,"featured_media":0,"parent":0,"menu_order":0,"comment_status":"closed","ping_status":"closed","template":"","meta":{"footnotes":""},"class_list":["post-97","page","type-page","status-publish","hentry"],"_links":{"self":[{"href":"https:\/\/cedro.cloud\/index.php?rest_route=\/wp\/v2\/pages\/97","targetHints":{"allow":["GET"]}}],"collection":[{"href":"https:\/\/cedro.cloud\/index.php?rest_route=\/wp\/v2\/pages"}],"about":[{"href":"https:\/\/cedro.cloud\/index.php?rest_route=\/wp\/v2\/types\/page"}],"author":[{"embeddable":true,"href":"https:\/\/cedro.cloud\/index.php?rest_route=\/wp\/v2\/users\/1"}],"replies":[{"embeddable":true,"href":"https:\/\/cedro.cloud\/index.php?rest_route=%2Fwp%2Fv2%2Fcomments&post=97"}],"version-history":[{"count":2,"href":"https:\/\/cedro.cloud\/index.php?rest_route=\/wp\/v2\/pages\/97\/revisions"}],"predecessor-version":[{"id":607,"href":"https:\/\/cedro.cloud\/index.php?rest_route=\/wp\/v2\/pages\/97\/revisions\/607"}],"wp:attachment":[{"href":"https:\/\/cedro.cloud\/index.php?rest_route=%2Fwp%2Fv2%2Fmedia&parent=97"}],"curies":[{"name":"wp","href":"https:\/\/api.w.org\/{rel}","templated":true}]}}